{"id":1928,"date":"2022-02-02T09:38:05","date_gmt":"2022-02-02T08:38:05","guid":{"rendered":"https:\/\/www.waykyiberia.es\/home\/"},"modified":"2024-04-18T15:06:02","modified_gmt":"2024-04-18T13:06:02","slug":"home","status":"publish","type":"page","link":"https:\/\/www.waykyiberia.es\/es\/","title":{"rendered":"Home"},"content":{"rendered":"\t\t<div data-elementor-type=\"wp-page\" data-elementor-id=\"1928\" class=\"elementor elementor-1928 elementor-290\" data-elementor-post-type=\"page\">\n\t\t\t\t\t\t<section class=\"elementor-section elementor-top-section elementor-element elementor-element-43fedfb7 elementor-section-height-full elementor-section-boxed elementor-section-height-default elementor-section-items-middle\" data-id=\"43fedfb7\" data-element_type=\"section\" data-settings=\"{&quot;background_background&quot;:&quot;classic&quot;}\">\n\t\t\t\t\t\t\t<div class=\"elementor-background-overlay\"><\/div>\n\t\t\t\t\t\t\t<div class=\"elementor-container elementor-column-gap-default\">\n\t\t\t\t\t<div class=\"elementor-column elementor-col-100 elementor-top-column elementor-element elementor-element-82ae9a\" data-id=\"82ae9a\" data-element_type=\"column\">\n\t\t\t<div class=\"elementor-widget-wrap elementor-element-populated\">\n\t\t\t\t\t\t<div class=\"elementor-element elementor-element-1efee2b0 elementor-widget elementor-widget-image\" data-id=\"1efee2b0\" data-element_type=\"widget\" data-widget_type=\"image.default\">\n\t\t\t\t<div class=\"elementor-widget-container\">\n\t\t\t\t\t\t\t\t\t\t\t\t\t<img fetchpriority=\"high\" decoding=\"async\" width=\"892\" height=\"446\" src=\"https:\/\/www.waykyiberia.es\/wp-content\/uploads\/2021\/09\/logo-colorful.png\" class=\"attachment-full size-full wp-image-809\" alt=\"\" srcset=\"https:\/\/www.waykyiberia.es\/wp-content\/uploads\/2021\/09\/logo-colorful.png 892w, https:\/\/www.waykyiberia.es\/wp-content\/uploads\/2021\/09\/logo-colorful-300x150.png 300w, https:\/\/www.waykyiberia.es\/wp-content\/uploads\/2021\/09\/logo-colorful-768x384.png 768w, https:\/\/www.waykyiberia.es\/wp-content\/uploads\/2021\/09\/logo-colorful-600x300.png 600w, https:\/\/www.waykyiberia.es\/wp-content\/uploads\/2021\/09\/logo-colorful-120x60.png 120w, https:\/\/www.waykyiberia.es\/wp-content\/uploads\/2021\/09\/logo-colorful-180x90.png 180w\" sizes=\"(max-width: 892px) 100vw, 892px\" \/>\t\t\t\t\t\t\t\t\t\t\t\t\t<\/div>\n\t\t\t\t<\/div>\n\t\t\t\t<div class=\"elementor-element elementor-element-6eb3abf2 elementor-widget elementor-widget-text-editor\" data-id=\"6eb3abf2\" data-element_type=\"widget\" data-widget_type=\"text-editor.default\">\n\t\t\t\t<div class=\"elementor-widget-container\">\n\t\t\t\t\t\t\t<p>The Bridge &#8211; TTMT SA nace de la idea de algunos de los mejores profesionales que, con m\u00e1s de 25 a\u00f1os de experiencia en consultor\u00eda empresarial, formaci\u00f3n presencial y educaci\u00f3n de ni\u00f1os y j\u00f3venes de 6 a 25 a\u00f1os, han decidido unir sus talentos, habilidades, conocimientos y valores en una propuesta \u00fanica y coordinada.<\/p>\t\t\t\t\t\t<\/div>\n\t\t\t\t<\/div>\n\t\t\t\t<div class=\"elementor-element elementor-element-10ed0a4d elementor-widget elementor-widget-text-editor\" data-id=\"10ed0a4d\" data-element_type=\"widget\" data-widget_type=\"text-editor.default\">\n\t\t\t\t<div class=\"elementor-widget-container\">\n\t\t\t\t\t\t\t<p>The Bridge &#8211; TTMT SA distribuye actualmente Cursos de Formaci\u00f3n Online con Tutor\u00eda e Itinerarios de Sensibilizaci\u00f3n en Italia, Espa\u00f1a, Reino Unido, Francia y Suiza.<\/p>\t\t\t\t\t\t<\/div>\n\t\t\t\t<\/div>\n\t\t\t\t<div class=\"elementor-element elementor-element-44e48cf6 text-no-margin elementor-widget elementor-widget-text-editor\" data-id=\"44e48cf6\" data-element_type=\"widget\" data-widget_type=\"text-editor.default\">\n\t\t\t\t<div class=\"elementor-widget-container\">\n\t\t\t\t\t\t\t<p>correo: amministrazione[at]thebridgettmt.com | m\u00f3vil: +39 345 5919451<\/p>\t\t\t\t\t\t<\/div>\n\t\t\t\t<\/div>\n\t\t\t\t<div class=\"elementor-element elementor-element-4de8bf52 text-no-margin elementor-widget elementor-widget-text-editor\" data-id=\"4de8bf52\" data-element_type=\"widget\" data-widget_type=\"text-editor.default\">\n\t\t\t\t<div class=\"elementor-widget-container\">\n\t\t\t\t\t\t\t<p>\u00a9 Copyright 2023 | The Bridge TTMT SA &#8211; UDI: CHE-208.340.707 | <a href=\"https:\/\/www.waykyiberia.es\/es\/politica-de-privacidad\/\" target=\"_blank\" rel=\"noopener\">Pol\u00edtica de Privacidad<\/a> | <a href=\"https:\/\/www.waykyiberia.es\/es\/terminos-y-condiciones\/\" target=\"_blank\" rel=\"noopener\">Terminos &amp; Condici\u00f3nes<\/a>\u00a0| All Rights Reserved<\/p>\t\t\t\t\t\t<\/div>\n\t\t\t\t<\/div>\n\t\t\t\t\t<\/div>\n\t\t<\/div>\n\t\t\t\t\t<\/div>\n\t\t<\/section>\n\t\t\t\t<\/div>\n\t\t","protected":false},"excerpt":{"rendered":"<p>The Bridge &#8211; TTMT SA nace de la idea de algunos de los mejores profesionales que, con m\u00e1s de 25 a\u00f1os de experiencia en consultor\u00eda empresarial, formaci\u00f3n presencial y educaci\u00f3n de ni\u00f1os y j\u00f3venes de 6 a 25 a\u00f1os, han decidido unir sus talentos, habilidades, conocimientos y valores en una propuesta \u00fanica y coordinada. The &#8230; <a title=\"Home\" class=\"read-more\" href=\"https:\/\/www.waykyiberia.es\/es\/\" aria-label=\"Leer m\u00e1s sobre Home\">Leer m\u00e1s<\/a><\/p>\n","protected":false},"author":1,"featured_media":0,"parent":0,"menu_order":0,"comment_status":"closed","ping_status":"closed","template":"elementor_canvas","meta":{"_acf_changed":false,"footnotes":""},"class_list":["post-1928","page","type-page","status-publish"],"acf":[],"_links":{"self":[{"href":"https:\/\/www.waykyiberia.es\/es\/wp-json\/wp\/v2\/pages\/1928"}],"collection":[{"href":"https:\/\/www.waykyiberia.es\/es\/wp-json\/wp\/v2\/pages"}],"about":[{"href":"https:\/\/www.waykyiberia.es\/es\/wp-json\/wp\/v2\/types\/page"}],"author":[{"embeddable":true,"href":"https:\/\/www.waykyiberia.es\/es\/wp-json\/wp\/v2\/users\/1"}],"replies":[{"embeddable":true,"href":"https:\/\/www.waykyiberia.es\/es\/wp-json\/wp\/v2\/comments?post=1928"}],"version-history":[{"count":14,"href":"https:\/\/www.waykyiberia.es\/es\/wp-json\/wp\/v2\/pages\/1928\/revisions"}],"predecessor-version":[{"id":8420,"href":"https:\/\/www.waykyiberia.es\/es\/wp-json\/wp\/v2\/pages\/1928\/revisions\/8420"}],"wp:attachment":[{"href":"https:\/\/www.waykyiberia.es\/es\/wp-json\/wp\/v2\/media?parent=1928"}],"curies":[{"name":"wp","href":"https:\/\/api.w.org\/{rel}","templated":true}]}}